{"id":1643,"date":"2022-04-06T10:17:00","date_gmt":"2022-04-06T08:17:00","guid":{"rendered":"https:\/\/www.academia-verlag.de\/anthropology\/"},"modified":"2024-10-02T13:10:49","modified_gmt":"2024-10-02T11:10:49","slug":"anthropology","status":"publish","type":"page","link":"https:\/\/www.academia-verlag.de\/en\/anthropology\/","title":{"rendered":"Anthropology"},"content":{"rendered":"\n<section class=\"content-stage big-stage bottom-type-1 image-type-1 \">\n    <div class=\"text-item\">\n        \n                    <h3 class=\"headline-2 text-typing\"\n                data-text=\"Anthropology\">\n                            <\/h3>\n        \n                    <div class=\"wysiwyg\">\n                <p data-renderer-start-pos=\"382\">A significant and essential part of Academia&#8217;s publishing program is the field of anthropology.<\/p>\n<p data-renderer-start-pos=\"479\">In addition to the renowned journal <em data-renderer-mark=\"true\">Anthropos &#8211; Internationale Zeitschrift f\u00fcr V\u00f6lker- und Sprachenkunde<\/em> (International Review of Anthropology and Linguistics), Academia publishes the two series of the Anthropos Institute in Sankt Augustin, which entail anthropological and philosophical articles as well as ethnological and religious studies in several languages.<\/p>\n<p data-renderer-start-pos=\"845\">\n\n            <\/div>\n        \n        \n            <\/div>\n\n            <div class=\"image-item\">\n            \n            <div class=\"js-scroll-animations scroll-animations__image-wrapper \" data-scroll-animation-type=\"zoomImage\">\n                                    <picture class=\"content-block__image\">\n                                    \n                                                                                        \n                                                                    \n                                    <source\n                            type=\"image\/webp\"\n                            srcset=\"                                                                                                                                https:\/\/www.academia-verlag.de\/wp-content\/uploads\/sites\/6\/2022\/05\/My-project-Kopie-24-1056x0-c-default.webp 1056w\n                                                                                                                \"\n                            sizes=\"1056px\"\n                    >\n                                            \n                                                                                        \n                                                                    \n                                    <img decoding=\"async\"\n                                                    loading=\"lazy\"\n                                                decode=\"async\"\n                        src=\"https:\/\/www.academia-verlag.de\/wp-content\/uploads\/sites\/6\/2022\/05\/My-project-Kopie-24-50x0-c-default.jpg\"\n                        srcset=\"                                                                                                                                https:\/\/www.academia-verlag.de\/wp-content\/uploads\/sites\/6\/2022\/05\/My-project-Kopie-24-1056x0-c-default.jpg 1056w\n                                                                                                                \"\n                        sizes=\"auto, 1056px\"\n                        alt=\"\"\n                        \n                        width=\"1056\"\n                        height=\"\"\n                    >\n                                        <\/picture>\n\n            <\/div>\n\n            <div class=\"tablet-image\">\n                    <picture >\n                                    \n                                                                                        \n                                                                    \n                                    <source\n                            type=\"image\/webp\"\n                            srcset=\"                                                                                                                                https:\/\/www.academia-verlag.de\/wp-content\/uploads\/sites\/6\/2022\/05\/My-project-Kopie-24-412x0-c-default.webp 412w\n                                                                            ,                                                                                                                                https:\/\/www.academia-verlag.de\/wp-content\/uploads\/sites\/6\/2022\/05\/My-project-Kopie-24-528x0-c-default.webp 528w\n                                                                            ,                                                                                                                                https:\/\/www.academia-verlag.de\/wp-content\/uploads\/sites\/6\/2022\/05\/My-project-Kopie-24-980x0-c-default.webp 980w\n                                                                                                                \"\n                            sizes=\"(-webkit-min-device-pixel-ratio: 2) 50vw,\n                            (min-resolution: 192dpi) 50vw,\n                            (min-resolution: 2dppx) 50vw,\n                            (-webkit-min-device-pixel-ratio: 3) 33.33vw,\n                            (min-resolution: 288dpi) 33.33vw,\n                            (min-resolution: 3dppx) 33.33vw\"\n                    >\n                                            \n                                                                                        \n                                                                    \n                                    <img decoding=\"async\"\n                                                    loading=\"lazy\"\n                                                decode=\"async\"\n                        src=\"https:\/\/www.academia-verlag.de\/wp-content\/uploads\/sites\/6\/2022\/05\/My-project-Kopie-24-50x0-c-default.jpg\"\n                        srcset=\"                                                                                                                                https:\/\/www.academia-verlag.de\/wp-content\/uploads\/sites\/6\/2022\/05\/My-project-Kopie-24-412x0-c-default.jpg 412w\n                                                                            ,                                                                                                                                https:\/\/www.academia-verlag.de\/wp-content\/uploads\/sites\/6\/2022\/05\/My-project-Kopie-24-528x0-c-default.jpg 528w\n                                                                            ,                                                                                                                                https:\/\/www.academia-verlag.de\/wp-content\/uploads\/sites\/6\/2022\/05\/My-project-Kopie-24-980x0-c-default.jpg 980w\n                                                                                                                \"\n                        sizes=\"auto, (-webkit-min-device-pixel-ratio: 2) 50vw,\n                            (min-resolution: 192dpi) 50vw,\n                            (min-resolution: 2dppx) 50vw,\n                            (-webkit-min-device-pixel-ratio: 3) 33.33vw,\n                            (min-resolution: 288dpi) 33.33vw,\n                            (min-resolution: 3dppx) 33.33vw\"\n                        alt=\"\"\n                        \n                        width=\"412\"\n                        height=\"\"\n                    >\n                                        <\/picture>\n\n            <\/div>\n\n                    <\/div>\n    <\/section>\n\n\n<section class=\"content-faq\">\n    <div class=\"content-faq-item-list\">\n                    <article>\n                <div class=\"content-faq-item\">\n                    <h2 class=\"headline-5 js-accordion-headline\">\n                        Collectanea Instituti Anthropos\n                    <\/h2>\n\n                    <div class=\"text wysiwyg\">\n                        <p data-renderer-start-pos=\"34\">published by Anthropos Institut St. Augustin e. V. and supervisor Prof. Dr. Joachim G. Piepke<\/p>\n<p data-renderer-start-pos=\"129\">In 1967 Fr Wilhelm Saake founded the series Collectanea Instituti Anthropos. It was originally intended to collect and publish materials cultures of written peoples, their oral traditions and myths, as well as materials on their languages.<br \/>\nEthnological research has changed dramatically in recent decades. The pressure of technocratic cultures has led to a devaluation and disappearance of regional and local cultures due to unchecked globalisation. As a result, the Anthropos Institute has made it its mission to contribute to the preservation and survival of local cultures and languages. It is a contribution to accentuate the cultural diversity of creation and at the same time to promote the right of human beings to their cultural self-determination.<br \/>\nThe Collectanea series makes it its mission to preserve oral traditions of scriptless peoples from extinction.<\/p>\n<p><a href=\"https:\/\/www.nomos-shop.de\/en\/series\/series\/view\/id\/B001252900\" target=\"_blank\" rel=\"noopener\">Learn more<\/a><\/p>\n\n                    <\/div>\n                <\/div>\n            <\/article>\n                    <article>\n                <div class=\"content-faq-item\">\n                    <h2 class=\"headline-5 js-accordion-headline\">\n                        Studia Instituti Anthropos\n                    <\/h2>\n\n                    <div class=\"text wysiwyg\">\n                        <p>Die ethnologische Forschung hat sich in den letzten Jahrzehnten dramatisch ver\u00e4ndert. Der Druck der technokratisch gepr\u00e4gten Kulturen hat durch die ungebremste Globalisierung zu einer Abwertung und zum Verschwinden regionaler und lokaler Kulturen gef\u00fchrt. In der Folge hat das Anthropos Institut sich zur Aufgabe gemacht, zur Erhaltung und zum \u00dcberleben lokaler Kulturen und Sprachen beizutragen. Es ist ein Beitrag, die kulturelle Diversit\u00e4t der Sch\u00f6pfung zu akzentuieren und gleichzeitig das Recht des Menschen auf seine kulturelle Selbstbestimmung zu f\u00f6rdern.<\/p>\n<p>Die Studia-Reihe m\u00f6chte Forschungsarbeiten zum Erhalt der Kulturen unterst\u00fctzen. In dieser Serie werden Monographien ethnologischen und religionswissenschaftlichen Charakters publiziert.<\/p>\n<p><a href=\"https:\/\/www.nomos-shop.de\/en\/series\/series\/view\/id\/B001254300\/\">Learn more<\/a><\/p>\n\n                    <\/div>\n                <\/div>\n            <\/article>\n                    <article>\n                <div class=\"content-faq-item\">\n                    <h2 class=\"headline-5 js-accordion-headline\">\n                        Anthropos\n                    <\/h2>\n\n                    <div class=\"text wysiwyg\">\n                        <p data-renderer-start-pos=\"1028\">published by Anthropos Institut St. Augustin e. V. and supervisor Prof. Dr. Joachim G. Piepke<\/p>\n<p data-renderer-start-pos=\"1028\">Ethnological research has changed dramatically in recent decades. The pressure of technocratic cultures has led to a devaluation and disappearance of regional and local cultures due to unchecked globalisation. As a result, the Anthropos Institute has made it its mission to contribute to the preservation and survival of local cultures and languages. It is a contribution to accentuate the cultural diversity of creation while promoting the right of human beings to their cultural self-determination.<br \/>\nThe Studia series aims to support research on the preservation of cultures. Monographs of an ethnological and religious studies nature are published in this series.<\/p>\n<p><a href=\"https:\/\/www.nomos.de\/en\/journals\/anthropos\/\" target=\"_blank\" rel=\"noopener\">Learn more<\/a><\/p>\n\n                    <\/div>\n                <\/div>\n            <\/article>\n            <\/div>\n<\/section>\n\n\n<section class=\"content-link-card \">\n    <div class=\"inner link-right-border card-border-hover grey-active\">\n                    <h4>At your side throughout the process of publishing your book<\/h4>\n        \n        <div class=\"border-hover\"><\/div>\n        <div class=\"text-item\">\n                            <div class=\"link\">\n                    <a href=\"\/en\/scientific-publishing\"\n                       target=\"\" rel=\"noopener\"\n                       class=\"link-blue-square\">\n                        Become an author now\n                    <\/a>\n                <\/div>\n                    <\/div>\n    <\/div>\n<\/section>\n","protected":false},"excerpt":{"rendered":"","protected":false},"author":10,"featured_media":0,"parent":0,"menu_order":0,"comment_status":"closed","ping_status":"closed","template":"","meta":{"_acf_changed":false,"footnotes":""},"class_list":["post-1643","page","type-page","status-publish","hentry"],"acf":[],"yoast_head":"<!-- This site is optimized with the Yoast SEO Premium plugin v26.1 (Yoast SEO v26.2) - https:\/\/yoast.com\/wordpress\/plugins\/seo\/ -->\n<title>Anthropology - Academia Verlag<\/title>\n<meta name=\"description\" content=\"A significant and essential part of Academia&#039;s publishing programme is the field of anthropology.\" \/>\n<meta name=\"robots\" content=\"index, follow, max-snippet:-1, max-image-preview:large, max-video-preview:-1\" \/>\n<link rel=\"canonical\" href=\"https:\/\/www.academia-verlag.de\/en\/anthropology\/\" \/>\n<meta property=\"og:locale\" content=\"en_US\" \/>\n<meta property=\"og:type\" content=\"article\" \/>\n<meta property=\"og:title\" content=\"Anthropology\" \/>\n<meta property=\"og:description\" content=\"A significant and essential part of Academia&#039;s publishing programme is the field of anthropology.\" \/>\n<meta property=\"og:url\" content=\"https:\/\/www.academia-verlag.de\/en\/anthropology\/\" \/>\n<meta property=\"og:site_name\" content=\"academia Verlag\" \/>\n<meta property=\"article:modified_time\" content=\"2024-10-02T11:10:49+00:00\" \/>\n<meta property=\"og:image\" content=\"https:\/\/www.academia-verlag.de\/wp-content\/uploads\/sites\/6\/2022\/05\/My-project-Kopie-24.jpg\" \/>\n<meta name=\"twitter:card\" content=\"summary_large_image\" \/>\n<script type=\"application\/ld+json\" class=\"yoast-schema-graph\">{\"@context\":\"https:\/\/schema.org\",\"@graph\":[{\"@type\":\"WebPage\",\"@id\":\"https:\/\/www.academia-verlag.de\/en\/anthropology\/\",\"url\":\"https:\/\/www.academia-verlag.de\/en\/anthropology\/\",\"name\":\"Anthropology - Academia Verlag\",\"isPartOf\":{\"@id\":\"https:\/\/www.academia-verlag.de\/en\/#website\"},\"datePublished\":\"2022-04-06T08:17:00+00:00\",\"dateModified\":\"2024-10-02T11:10:49+00:00\",\"description\":\"A significant and essential part of Academia's publishing programme is the field of anthropology.\",\"breadcrumb\":{\"@id\":\"https:\/\/www.academia-verlag.de\/en\/anthropology\/#breadcrumb\"},\"inLanguage\":\"en-US\",\"potentialAction\":[{\"@type\":\"ReadAction\",\"target\":[\"https:\/\/www.academia-verlag.de\/en\/anthropology\/\"]}]},{\"@type\":\"BreadcrumbList\",\"@id\":\"https:\/\/www.academia-verlag.de\/en\/anthropology\/#breadcrumb\",\"itemListElement\":[{\"@type\":\"ListItem\",\"position\":1,\"name\":\"Startseite\",\"item\":\"https:\/\/www.academia-verlag.de\/en\/?page_id=2406\"},{\"@type\":\"ListItem\",\"position\":2,\"name\":\"Anthropology\"}]},{\"@type\":\"WebSite\",\"@id\":\"https:\/\/www.academia-verlag.de\/en\/#website\",\"url\":\"https:\/\/www.academia-verlag.de\/en\/\",\"name\":\"academia Verlag\",\"description\":\"Eine weitere nomos.de Websites Website\",\"potentialAction\":[{\"@type\":\"SearchAction\",\"target\":{\"@type\":\"EntryPoint\",\"urlTemplate\":\"https:\/\/www.academia-verlag.de\/en\/?s={search_term_string}\"},\"query-input\":{\"@type\":\"PropertyValueSpecification\",\"valueRequired\":true,\"valueName\":\"search_term_string\"}}],\"inLanguage\":\"en-US\"}]}<\/script>\n<!-- \/ Yoast SEO Premium plugin. -->","yoast_head_json":{"title":"Anthropology - Academia Verlag","description":"A significant and essential part of Academia's publishing programme is the field of anthropology.","robots":{"index":"index","follow":"follow","max-snippet":"max-snippet:-1","max-image-preview":"max-image-preview:large","max-video-preview":"max-video-preview:-1"},"canonical":"https:\/\/www.academia-verlag.de\/en\/anthropology\/","og_locale":"en_US","og_type":"article","og_title":"Anthropology","og_description":"A significant and essential part of Academia's publishing programme is the field of anthropology.","og_url":"https:\/\/www.academia-verlag.de\/en\/anthropology\/","og_site_name":"academia Verlag","article_modified_time":"2024-10-02T11:10:49+00:00","og_image":[{"url":"https:\/\/www.academia-verlag.de\/wp-content\/uploads\/sites\/6\/2022\/05\/My-project-Kopie-24.jpg","type":"","width":"","height":""}],"twitter_card":"summary_large_image","schema":{"@context":"https:\/\/schema.org","@graph":[{"@type":"WebPage","@id":"https:\/\/www.academia-verlag.de\/en\/anthropology\/","url":"https:\/\/www.academia-verlag.de\/en\/anthropology\/","name":"Anthropology - Academia Verlag","isPartOf":{"@id":"https:\/\/www.academia-verlag.de\/en\/#website"},"datePublished":"2022-04-06T08:17:00+00:00","dateModified":"2024-10-02T11:10:49+00:00","description":"A significant and essential part of Academia's publishing programme is the field of anthropology.","breadcrumb":{"@id":"https:\/\/www.academia-verlag.de\/en\/anthropology\/#breadcrumb"},"inLanguage":"en-US","potentialAction":[{"@type":"ReadAction","target":["https:\/\/www.academia-verlag.de\/en\/anthropology\/"]}]},{"@type":"BreadcrumbList","@id":"https:\/\/www.academia-verlag.de\/en\/anthropology\/#breadcrumb","itemListElement":[{"@type":"ListItem","position":1,"name":"Startseite","item":"https:\/\/www.academia-verlag.de\/en\/?page_id=2406"},{"@type":"ListItem","position":2,"name":"Anthropology"}]},{"@type":"WebSite","@id":"https:\/\/www.academia-verlag.de\/en\/#website","url":"https:\/\/www.academia-verlag.de\/en\/","name":"academia Verlag","description":"Eine weitere nomos.de Websites Website","potentialAction":[{"@type":"SearchAction","target":{"@type":"EntryPoint","urlTemplate":"https:\/\/www.academia-verlag.de\/en\/?s={search_term_string}"},"query-input":{"@type":"PropertyValueSpecification","valueRequired":true,"valueName":"search_term_string"}}],"inLanguage":"en-US"}]}},"_links":{"self":[{"href":"https:\/\/www.academia-verlag.de\/en\/wp-json\/wp\/v2\/pages\/1643","targetHints":{"allow":["GET"]}}],"collection":[{"href":"https:\/\/www.academia-verlag.de\/en\/wp-json\/wp\/v2\/pages"}],"about":[{"href":"https:\/\/www.academia-verlag.de\/en\/wp-json\/wp\/v2\/types\/page"}],"author":[{"embeddable":true,"href":"https:\/\/www.academia-verlag.de\/en\/wp-json\/wp\/v2\/users\/10"}],"replies":[{"embeddable":true,"href":"https:\/\/www.academia-verlag.de\/en\/wp-json\/wp\/v2\/comments?post=1643"}],"version-history":[{"count":17,"href":"https:\/\/www.academia-verlag.de\/en\/wp-json\/wp\/v2\/pages\/1643\/revisions"}],"predecessor-version":[{"id":2381,"href":"https:\/\/www.academia-verlag.de\/en\/wp-json\/wp\/v2\/pages\/1643\/revisions\/2381"}],"wp:attachment":[{"href":"https:\/\/www.academia-verlag.de\/en\/wp-json\/wp\/v2\/media?parent=1643"}],"curies":[{"name":"wp","href":"https:\/\/api.w.org\/{rel}","templated":true}]}}